{"id":72,"date":"2020-01-13T19:48:30","date_gmt":"2020-01-13T19:48:30","guid":{"rendered":"http:\/\/www.tierrahabitada.org\/?page_id=72"},"modified":"2025-09-02T07:41:46","modified_gmt":"2025-09-02T07:41:46","slug":"donde-estamos","status":"publish","type":"page","link":"https:\/\/www.tierrahabitada.org\/index.php\/donde-estamos\/","title":{"rendered":"D\u00f3nde estamos"},"content":{"rendered":"\n<h2 class=\"wp-block-heading\">El lugar: Ca\u00f1icosa<\/h2>\n\n\n\n<p>En consonancia con el car\u00e1cter de ecolog\u00eda y espiritualidad del proyecto, el entorno de <strong>Ca\u00f1icosa<\/strong> es naturalmente bello. Un sitio bonito, que facilita la experiencia de vivir en armon\u00eda con la naturaleza, al pie de la Sierra de Guadarrama.<\/p>\n\n\n\n<figure class=\"wp-block-image size-full\"><img loading=\"lazy\" decoding=\"async\" width=\"893\" height=\"639\" src=\"https:\/\/www.tierrahabitada.org\/wp-content\/uploads\/2020\/01\/Mapa-situaci\u00f3n-Ca\u00f1icosa.jpg\" alt=\"\" class=\"wp-image-136\" srcset=\"https:\/\/www.tierrahabitada.org\/wp-content\/uploads\/2020\/01\/Mapa-situaci\u00f3n-Ca\u00f1icosa.jpg 893w, https:\/\/www.tierrahabitada.org\/wp-content\/uploads\/2020\/01\/Mapa-situaci\u00f3n-Ca\u00f1icosa-300x215.jpg 300w, https:\/\/www.tierrahabitada.org\/wp-content\/uploads\/2020\/01\/Mapa-situaci\u00f3n-Ca\u00f1icosa-768x550.jpg 768w\" sizes=\"auto, (max-width: 893px) 100vw, 893px\" \/><\/figure>\n\n\n\n<h2 class=\"wp-block-heading\">C\u00f3mo llegar en transporte p\u00fablico<\/h2>\n\n\n\n<p><strong>Desde Segovia<\/strong><\/p>\n\n\n\n<p>Empresa de autobuses <a rel=\"noreferrer noopener\" href=\"http:\/\/linecar.es\/Linecar\/Rutas%20y%20Horarios\/L%EDneas%20Regulares\" target=\"_blank\">Linecar<\/a>. Pinchar en AYLLON-RIAZA-SG para descargar horarios de autobuses de y a <strong>Matabuena<\/strong>, a 1 km de Ca\u00f1icosa.<br><\/p>\n\n\n\n<p><strong>Desde Madrid<\/strong><\/p>\n\n\n\n<p>De Madrid (Moncloa) a Segovia hay muchos servicios de autob\u00fas por parte de la empresa <a rel=\"noreferrer noopener\" href=\"https:\/\/www.avanzabus.com\" target=\"_blank\">Avanza<\/a>  y trenes de <a rel=\"noreferrer noopener\" href=\"https:\/\/www.renfe.com\/es\/es\" target=\"_blank\">Renfe<\/a> de alta velocidad desde Chamart\u00edn y convencionales desde Cercedilla.<\/p>\n\n\n\n<p>La empresa de autobuses <a href=\"https:\/\/www.alsa.es\/\" target=\"_blank\" rel=\"noreferrer noopener\">ALSA<\/a> realiza el servicio de Madrid (Avenida de Am\u00e9rica) a <strong>Santo Tom\u00e9 del Puerto<\/strong>, a 21 km de Ca\u00f1icosa.<br><\/p>\n\n\n\n<p><\/p>\n","protected":false},"excerpt":{"rendered":"<p>El lugar: Ca\u00f1icosa En consonancia con el car\u00e1cter de ecolog\u00eda y espiritualidad del proyecto, el entorno de Ca\u00f1icosa es naturalmente bello. Un sitio bonito, que facilita la experiencia de vivir&#8230; <a class=\"read-more\" href=\"https:\/\/www.tierrahabitada.org\/index.php\/donde-estamos\/\">[Continuar Leyendo]<\/a><\/p>\n","protected":false},"author":1,"featured_media":0,"parent":0,"menu_order":0,"comment_status":"closed","ping_status":"closed","template":"","meta":{"footnotes":""},"class_list":["post-72","page","type-page","status-publish","hentry","no-post-thumbnail"],"_links":{"self":[{"href":"https:\/\/www.tierrahabitada.org\/index.php\/wp-json\/wp\/v2\/pages\/72","targetHints":{"allow":["GET"]}}],"collection":[{"href":"https:\/\/www.tierrahabitada.org\/index.php\/wp-json\/wp\/v2\/pages"}],"about":[{"href":"https:\/\/www.tierrahabitada.org\/index.php\/wp-json\/wp\/v2\/types\/page"}],"author":[{"embeddable":true,"href":"https:\/\/www.tierrahabitada.org\/index.php\/wp-json\/wp\/v2\/users\/1"}],"replies":[{"embeddable":true,"href":"https:\/\/www.tierrahabitada.org\/index.php\/wp-json\/wp\/v2\/comments?post=72"}],"version-history":[{"count":8,"href":"https:\/\/www.tierrahabitada.org\/index.php\/wp-json\/wp\/v2\/pages\/72\/revisions"}],"predecessor-version":[{"id":932,"href":"https:\/\/www.tierrahabitada.org\/index.php\/wp-json\/wp\/v2\/pages\/72\/revisions\/932"}],"wp:attachment":[{"href":"https:\/\/www.tierrahabitada.org\/index.php\/wp-json\/wp\/v2\/media?parent=72"}],"curies":[{"name":"wp","href":"https:\/\/api.w.org\/{rel}","templated":true}]}}