{"id":58,"date":"2020-01-13T11:23:29","date_gmt":"2020-01-13T11:23:29","guid":{"rendered":"http:\/\/www.tierrahabitada.org\/?page_id=58"},"modified":"2025-02-21T19:39:02","modified_gmt":"2025-02-21T19:39:02","slug":"quienes-somos","status":"publish","type":"page","link":"https:\/\/www.tierrahabitada.org\/index.php\/quienes-somos\/","title":{"rendered":"Qui\u00e9nes somos"},"content":{"rendered":"\n<div class=\"wp-block-media-text is-stacked-on-mobile\"><figure class=\"wp-block-media-text__media\"><a href=\"https:\/\/www.tierrahabitada.org\/index.php\/presentacion\/\"><img loading=\"lazy\" decoding=\"async\" width=\"360\" height=\"314\" src=\"https:\/\/www.tierrahabitada.org\/wp-content\/uploads\/2025\/02\/Quienes-somos-Presentacion.jpg\" alt=\"\" class=\"wp-image-858 size-full\" srcset=\"https:\/\/www.tierrahabitada.org\/wp-content\/uploads\/2025\/02\/Quienes-somos-Presentacion.jpg 360w, https:\/\/www.tierrahabitada.org\/wp-content\/uploads\/2025\/02\/Quienes-somos-Presentacion-300x262.jpg 300w\" sizes=\"auto, (max-width: 360px) 100vw, 360px\" \/><\/a><\/figure><div class=\"wp-block-media-text__content\">\n<p><strong><a href=\"https:\/\/www.tierrahabitada.org\/index.php\/presentacion\/\">Presentaci\u00f3n<\/a><\/strong><\/p>\n<\/div><\/div>\n\n\n\n<div class=\"wp-block-media-text is-stacked-on-mobile\"><figure class=\"wp-block-media-text__media\"><a href=\"https:\/\/www.tierrahabitada.org\/index.php\/sueno-inspirador\/\"><img loading=\"lazy\" decoding=\"async\" width=\"360\" height=\"314\" src=\"https:\/\/www.tierrahabitada.org\/wp-content\/uploads\/2025\/02\/Quienes-somos-Sueno-inspirador.jpg\" alt=\"\" class=\"wp-image-859 size-full\" srcset=\"https:\/\/www.tierrahabitada.org\/wp-content\/uploads\/2025\/02\/Quienes-somos-Sueno-inspirador.jpg 360w, https:\/\/www.tierrahabitada.org\/wp-content\/uploads\/2025\/02\/Quienes-somos-Sueno-inspirador-300x262.jpg 300w\" sizes=\"auto, (max-width: 360px) 100vw, 360px\" \/><\/a><\/figure><div class=\"wp-block-media-text__content\">\n<p><strong><a href=\"https:\/\/www.tierrahabitada.org\/index.php\/sueno-inspirador\/\">Sue\u00f1o inspirador<\/a><\/strong><\/p>\n<\/div><\/div>\n\n\n\n<div class=\"wp-block-media-text is-stacked-on-mobile\"><figure class=\"wp-block-media-text__media\"><a href=\"https:\/\/www.tierrahabitada.org\/index.php\/historia\/\"><img loading=\"lazy\" decoding=\"async\" width=\"360\" height=\"314\" src=\"https:\/\/www.tierrahabitada.org\/wp-content\/uploads\/2025\/02\/Quienes-somos-Historia.jpg\" alt=\"\" class=\"wp-image-860 size-full\" srcset=\"https:\/\/www.tierrahabitada.org\/wp-content\/uploads\/2025\/02\/Quienes-somos-Historia.jpg 360w, https:\/\/www.tierrahabitada.org\/wp-content\/uploads\/2025\/02\/Quienes-somos-Historia-300x262.jpg 300w\" sizes=\"auto, (max-width: 360px) 100vw, 360px\" \/><\/a><\/figure><div class=\"wp-block-media-text__content\">\n<p><strong><a href=\"https:\/\/www.tierrahabitada.org\/index.php\/historia\/\">Historia<\/a><\/strong><\/p>\n<\/div><\/div>\n\n\n\n<div class=\"wp-block-media-text is-stacked-on-mobile\"><figure class=\"wp-block-media-text__media\"><a href=\"https:\/\/www.tierrahabitada.org\/index.php\/la-fundacion\/\"><img loading=\"lazy\" decoding=\"async\" width=\"360\" height=\"314\" src=\"https:\/\/www.tierrahabitada.org\/wp-content\/uploads\/2025\/02\/Quienes-somos-La-fundacion.jpg\" alt=\"\" class=\"wp-image-861 size-full\" srcset=\"https:\/\/www.tierrahabitada.org\/wp-content\/uploads\/2025\/02\/Quienes-somos-La-fundacion.jpg 360w, https:\/\/www.tierrahabitada.org\/wp-content\/uploads\/2025\/02\/Quienes-somos-La-fundacion-300x262.jpg 300w\" sizes=\"auto, (max-width: 360px) 100vw, 360px\" \/><\/a><\/figure><div class=\"wp-block-media-text__content\">\n<p><strong><a href=\"https:\/\/www.tierrahabitada.org\/index.php\/la-fundacion\/\">La fundaci\u00f3n<\/a><\/strong><\/p>\n<\/div><\/div>\n","protected":false},"excerpt":{"rendered":"<p>Presentaci\u00f3n Sue\u00f1o inspirador Historia La fundaci\u00f3n<\/p>\n","protected":false},"author":1,"featured_media":0,"parent":0,"menu_order":0,"comment_status":"closed","ping_status":"closed","template":"","meta":{"footnotes":""},"class_list":["post-58","page","type-page","status-publish","hentry","no-post-thumbnail"],"_links":{"self":[{"href":"https:\/\/www.tierrahabitada.org\/index.php\/wp-json\/wp\/v2\/pages\/58","targetHints":{"allow":["GET"]}}],"collection":[{"href":"https:\/\/www.tierrahabitada.org\/index.php\/wp-json\/wp\/v2\/pages"}],"about":[{"href":"https:\/\/www.tierrahabitada.org\/index.php\/wp-json\/wp\/v2\/types\/page"}],"author":[{"embeddable":true,"href":"https:\/\/www.tierrahabitada.org\/index.php\/wp-json\/wp\/v2\/users\/1"}],"replies":[{"embeddable":true,"href":"https:\/\/www.tierrahabitada.org\/index.php\/wp-json\/wp\/v2\/comments?post=58"}],"version-history":[{"count":10,"href":"https:\/\/www.tierrahabitada.org\/index.php\/wp-json\/wp\/v2\/pages\/58\/revisions"}],"predecessor-version":[{"id":864,"href":"https:\/\/www.tierrahabitada.org\/index.php\/wp-json\/wp\/v2\/pages\/58\/revisions\/864"}],"wp:attachment":[{"href":"https:\/\/www.tierrahabitada.org\/index.php\/wp-json\/wp\/v2\/media?parent=58"}],"curies":[{"name":"wp","href":"https:\/\/api.w.org\/{rel}","templated":true}]}}