{"id":110,"date":"2020-01-15T18:35:01","date_gmt":"2020-01-15T18:35:01","guid":{"rendered":"http:\/\/www.tierrahabitada.org\/?page_id=110"},"modified":"2023-07-14T16:40:31","modified_gmt":"2023-07-14T16:40:31","slug":"proteccion-de-datos","status":"publish","type":"page","link":"https:\/\/www.tierrahabitada.org\/index.php\/proteccion-de-datos\/","title":{"rendered":"Protecci\u00f3n de datos"},"content":{"rendered":"\n<p>\n<em>Responsable del tratamiento\nde los datos personales<\/em><\/p>\n\n\n\n<p>El responsable es la Fundaci\u00f3n Tierra Habitada con CIF n\u00ba G40278566 y domicilio social en la calle Ejido 2, Ca\u00f1icosa,  40163 Segovia. Correo electr\u00f3nico: contacto@tierrahabitada.org<\/p>\n\n\n\n<p><em>Para qu\u00e9 utilizamos los datos personales<\/em><\/p>\n\n\n\n<p>Los datos personales aportados se tratan con la finalidad de ofrecer informaci\u00f3n sobre los fines y  actividades de la Fundaci\u00f3n Tierra Habitada. No se toman decisiones automatizadas en base a perfiles, sino que se utilizan los datos personales \u00fanicamente para remitir a los destinatarios la informaci\u00f3n mencionada.<\/p>\n\n\n\n<p><em>Por cu\u00e1nto tiempo conservamos los datos<\/em><\/p>\n\n\n\n<p>Los datos personales proporcionados se conservan indefinidamente a lo que consientes con la aceptaci\u00f3n de esta Pol\u00edtica de Protecci\u00f3n de datos, mientras no se solicite su supresi\u00f3n por la persona interesada.<\/p>\n\n\n\n<p>Podr\u00e1s oponerte en cualquier momento a la conservaci\u00f3n de tus datos para el tratamiento de los mismos con la finalidad de mantenerte informado, comunic\u00e1ndolo por escrito en la siguiente direcci\u00f3n de correo electr\u00f3nico: contacto@tierrahabitada.org<\/p>\n\n\n\n<p>La base legal para el tratamiento de tus datos est\u00e1 basada en el consentimiento que se te solicita.<\/p>\n\n\n\n<p><em>A qui\u00e9n comunicaremos sus datos<\/em><\/p>\n\n\n\n<p>No cederemos tus datos personales a terceros, salvo a:<\/p>\n\n\n\n<ul class=\"wp-block-list\"><li>Organismos de la Administraci\u00f3n P\u00fablica en caso de cumplimiento de obligaciones legalmente exigidas.<\/li><li>Entidades bancarias, en lo estrictamente necesario para el cobro de los recibos domiciliados.<\/li><li>Proveedores de servicios en cuanto sea necesaria su intervenci\u00f3n para el env\u00edo de informaci\u00f3n (por ejemplo, gestores de correo electr\u00f3nico) y en lo estrictamente necesario para ello. <\/li><\/ul>\n\n\n\n<p> <em>Cu\u00e1les son tus derechos cuando nos facilitas tus datos<\/em><\/p>\n\n\n\n<p>Puedes ejercer en cualquier momento el derecho a solicitar el acceso a tus datos personales y su rectificaci\u00f3n o supresi\u00f3n, la limitaci\u00f3n de su tratamiento, a oponerte al tratamiento, as\u00ed como el derecho a la portabilidad de tus datos, dirigi\u00e9ndose a la siguiente direcci\u00f3n de correo electr\u00f3nico: contacto@tierrahabitada.org. Una vez recibida dicha solicitud, atenderemos el ejercicio de tus derechos en los plazos establecidos legalmente y en caso de no haber obtenido satisfacci\u00f3n en el ejercicio de tus derechos podr\u00e1s presentar una reclamaci\u00f3n a la Autoridad de control, Agencia Espa\u00f1ola de Protecci\u00f3n de Datos: www.agdp.es<\/p>\n","protected":false},"excerpt":{"rendered":"<p>Responsable del tratamiento de los datos personales El responsable es la Fundaci\u00f3n Tierra Habitada con CIF n\u00ba G40278566 y domicilio social en la calle Ejido 2, Ca\u00f1icosa, 40163 Segovia. Correo&#8230; <a class=\"read-more\" href=\"https:\/\/www.tierrahabitada.org\/index.php\/proteccion-de-datos\/\">[Continuar Leyendo]<\/a><\/p>\n","protected":false},"author":1,"featured_media":0,"parent":0,"menu_order":0,"comment_status":"closed","ping_status":"closed","template":"","meta":{"footnotes":""},"class_list":["post-110","page","type-page","status-publish","hentry","no-post-thumbnail"],"_links":{"self":[{"href":"https:\/\/www.tierrahabitada.org\/index.php\/wp-json\/wp\/v2\/pages\/110","targetHints":{"allow":["GET"]}}],"collection":[{"href":"https:\/\/www.tierrahabitada.org\/index.php\/wp-json\/wp\/v2\/pages"}],"about":[{"href":"https:\/\/www.tierrahabitada.org\/index.php\/wp-json\/wp\/v2\/types\/page"}],"author":[{"embeddable":true,"href":"https:\/\/www.tierrahabitada.org\/index.php\/wp-json\/wp\/v2\/users\/1"}],"replies":[{"embeddable":true,"href":"https:\/\/www.tierrahabitada.org\/index.php\/wp-json\/wp\/v2\/comments?post=110"}],"version-history":[{"count":4,"href":"https:\/\/www.tierrahabitada.org\/index.php\/wp-json\/wp\/v2\/pages\/110\/revisions"}],"predecessor-version":[{"id":667,"href":"https:\/\/www.tierrahabitada.org\/index.php\/wp-json\/wp\/v2\/pages\/110\/revisions\/667"}],"wp:attachment":[{"href":"https:\/\/www.tierrahabitada.org\/index.php\/wp-json\/wp\/v2\/media?parent=110"}],"curies":[{"name":"wp","href":"https:\/\/api.w.org\/{rel}","templated":true}]}}